{"id":855,"date":"2018-03-24T12:24:39","date_gmt":"2018-03-24T11:24:39","guid":{"rendered":"http:\/\/www.chronicles-of-the-luftwaffe.de\/?page_id=855"},"modified":"2018-04-26T16:12:45","modified_gmt":"2018-04-26T15:12:45","slug":"datenschutzerklarung-gem-ds-gvo-gdpr-de","status":"publish","type":"page","link":"https:\/\/www.chronicles-of-the-luftwaffe.de\/?page_id=855","title":{"rendered":"Datenschutzerkl\u00e4rung gem. DS-GVO \/ GDPR (DE)"},"content":{"rendered":"<p>Verantwortliche Stelle im Sinne des Datenschutzgesetzes ist der im Impressum genannte Betreiber dieser Webseite.<\/p>\n<h2>Erfassung von Information<\/h2>\n<p>Wenn Sie auf diese Webseite zugreifen, erfassen die Server im Hintergrund automatisch Informationen allgemeiner Natur. Diese Informationen beinhalten unter anderem die Art und Version ihres Webbrowsers, das verwendete Betriebssystem, den Domain-Namen Ihres Internet Service Providers (ISP), ihre IP-Adresse und \u00c4hnliches. Diese Informationen lassen keine bzw. nur indirekte R\u00fcckschl\u00fcsse (\u00fcber die IP-Adresse und Auskunft ihres ISP) auf Ihre Person zu. Diese Informationen sind technisch notwendig um die Kommunikation zwischen dem Server und Ihrem Browser zu erm\u00f6glichen und Ihnen die Inhalte der Webseite zur Verf\u00fcgung zu stellen.<\/p>\n<p>Server-seitig werden die Log-Dateien bei Auslieferung durch unseren Provider (STRATO AG) anonymisiert und Ihre IP-Adresse wird nicht an uns \u00fcbertragen. Log-Dateien stehen nur f\u00fcr die letzten sechs Wochen zur Verf\u00fcgung.<\/p>\n<p>Auch die von uns verwendete Websoftware WordPress hat die M\u00f6glichkeit, IP Adressen von Besuchern zu erfassen und zu speichern. Dieses Feature ist f\u00fcr diese Webseite ausgeschaltet, Ihre IP Adresse wird anonymisiert, so dass wir zwar das Land, nicht jedoch die IP Adresse selbst einsehen k\u00f6nnen. Es erfolgt keine Speicherung der nicht anonymisierten IP Adresse.<\/p>\n<p>Alle anderen erfassten Daten wie Land, Browser, Betriebssystem, Zeitpunkt des Zugriffs, etc. werden zu Zwecken der statistischen Auswertung erfasst, um z. B. unsere Angebote inhaltlich und sprachlich auf unsere Besucher abstimmen zu k\u00f6nnen.<\/p>\n<h2>Registrierung auf der Webseite<\/h2>\n<p>Die Funktion zur individuellen Registrierung auf dieser Webseite ist ausgeschaltet, so dass Sie keine pers\u00f6nlichen Daten verf\u00fcgbar machen k\u00f6nnen oder m\u00fcssen.<\/p>\n<h2>Kommentarfunktion<\/h2>\n<p>Die Funktion zum Hinterlassen von Kommentaren ist auf dieser Webseite ausgeschaltet. M\u00f6chten Sie mit uns in Kontakt treten, nutzen Sie bitte die im Impressum hinterlegte eMail Adresse.<\/p>\n<h2>Cookies<\/h2>\n<p>WordPress &#8211; die verwendete Software f\u00fcr diese Webseite &#8211; setzt eigenst\u00e4ndig Cookies, die u.a. der Verhinderung von &#8220;Brute-Force-Attacken&#8221; dienen (Cookie &#8220;anti-captcha&#8221;) sowie ein &#8220;_ga&#8221; Cookie, der der Unterscheidung von Benutzern dient.<\/p>\n<p>Keiner der beiden Cookies speichert pers\u00f6nliche Daten. Administratoren und vom Betreiber registrierte Benutzer erhalten weitere Cookies, die jedoch f\u00fcr den regul\u00e4ren Besucher nicht &#8220;zum Zuge kommen&#8221;.<\/p>\n<h2>Ihre Rechte auf Auskunft, Berichtigung, Sperre, L\u00f6schung und Widerspruch<\/h2>\n<p>Auf dieser Webseite werden au\u00dfer den aufgef\u00fchrten technischen Daten keine personenbezogenen Daten gespeichert, die in ihrer technischen Form geeignet w\u00e4ren, R\u00fcckschl\u00fcsse auf Ihre Person zu ziehen.<\/p>\n<p>Mit Ihrer Nutzung der Webseite erkennen Sie diese Aussage als &#8220;Auskunft&#8221; an &#8211; Anfragen zu Berichtigung, Sperre, L\u00f6schung und Widerspruch sind somit zwar \u00fcber die im Impressum aufgef\u00fchrte eMail zul\u00e4ssig, jedoch nicht notwendig &#8211; wo nichts gespeichert wird, kann nichts berichtigt, gesperrt, gel\u00f6scht oder widersprochen werden.<\/p>\n<h2>\u00c4nderung der Datenschutzbestimmungen<\/h2>\n<p>Als Betreiber der Webseite behalten wir uns eine Erweiterung unserer Services vor. Damit einhergehen mag auch eine \u00c4nderung der Datenschutzbestimmungen. Bei Ihren Besuchen auf unserer Webseite gilt stet <strong>die dann g\u00fcltige<\/strong> Datenschutzerkl\u00e4rung.<\/p>\n<p><em>(Stand: 19. April 2018)<\/em><\/p>\n","protected":false},"excerpt":{"rendered":"<p>Verantwortliche Stelle im Sinne des Datenschutzgesetzes ist der im Impressum genannte Betreiber dieser Webseite. Erfassung von Information Wenn Sie auf diese Webseite zugreifen, erfassen die Server im Hintergrund automatisch Informationen allgemeiner Natur. Diese Informationen beinhalten unter anderem die Art und &hellip; <a href=\"https:\/\/www.chronicles-of-the-luftwaffe.de\/?page_id=855\">Continue reading <span class=\"meta-nav\">&rarr;<\/span><\/a><\/p>\n","protected":false},"author":2,"featured_media":0,"parent":0,"menu_order":0,"comment_status":"closed","ping_status":"closed","template":"","meta":{"spay_email":"","footnotes":""},"class_list":["post-855","page","type-page","status-publish","hentry"],"jetpack_shortlink":"https:\/\/wp.me\/P26prQ-dN","_links":{"self":[{"href":"https:\/\/www.chronicles-of-the-luftwaffe.de\/index.php?rest_route=\/wp\/v2\/pages\/855","targetHints":{"allow":["GET"]}}],"collection":[{"href":"https:\/\/www.chronicles-of-the-luftwaffe.de\/index.php?rest_route=\/wp\/v2\/pages"}],"about":[{"href":"https:\/\/www.chronicles-of-the-luftwaffe.de\/index.php?rest_route=\/wp\/v2\/types\/page"}],"author":[{"embeddable":true,"href":"https:\/\/www.chronicles-of-the-luftwaffe.de\/index.php?rest_route=\/wp\/v2\/users\/2"}],"replies":[{"embeddable":true,"href":"https:\/\/www.chronicles-of-the-luftwaffe.de\/index.php?rest_route=%2Fwp%2Fv2%2Fcomments&post=855"}],"version-history":[{"count":3,"href":"https:\/\/www.chronicles-of-the-luftwaffe.de\/index.php?rest_route=\/wp\/v2\/pages\/855\/revisions"}],"predecessor-version":[{"id":884,"href":"https:\/\/www.chronicles-of-the-luftwaffe.de\/index.php?rest_route=\/wp\/v2\/pages\/855\/revisions\/884"}],"wp:attachment":[{"href":"https:\/\/www.chronicles-of-the-luftwaffe.de\/index.php?rest_route=%2Fwp%2Fv2%2Fmedia&parent=855"}],"curies":[{"name":"wp","href":"https:\/\/api.w.org\/{rel}","templated":true}]}}